{"id":96,"date":"2018-10-09T13:13:06","date_gmt":"2018-10-09T11:13:06","guid":{"rendered":"http:\/\/compagnieduflamantnoir.com\/?page_id=96"},"modified":"2025-01-23T19:18:57","modified_gmt":"2025-01-23T18:18:57","slug":"accueil","status":"publish","type":"page","link":"http:\/\/compagnieduflamantnoir.com\/","title":{"rendered":"Accueil"},"content":{"rendered":"<p><!-- Google tag (gtag.js) --><br \/>\n<script async src=\"https:\/\/www.googletagmanager.com\/gtag\/js?id=AW-16659724847\"><\/script><\/p>\n<hr \/>\n<p><strong>Spectacles<\/strong><br \/>\n<script>\n  window.dataLayer = window.dataLayer || [];\n  function gtag(){dataLayer.push(arguments);}\n  gtag('js', new Date());<\/p>\n<p>  gtag('config', 'AW-16659724847');\n<\/script><img loading=\"lazy\" decoding=\"async\" class=\"alignnone size-medium wp-image-322\" src=\"http:\/\/compagnieduflamantnoir.com\/wp-content\/uploads\/2021\/05\/3-ruptures-V5-212x300.jpg\" alt=\"\" width=\"212\" height=\"300\" srcset=\"http:\/\/compagnieduflamantnoir.com\/wp-content\/uploads\/2021\/05\/3-ruptures-V5-212x300.jpg 212w, http:\/\/compagnieduflamantnoir.com\/wp-content\/uploads\/2021\/05\/3-ruptures-V5-724x1024.jpg 724w, http:\/\/compagnieduflamantnoir.com\/wp-content\/uploads\/2021\/05\/3-ruptures-V5-768x1087.jpg 768w, http:\/\/compagnieduflamantnoir.com\/wp-content\/uploads\/2021\/05\/3-ruptures-V5-1085x1536.jpg 1085w, http:\/\/compagnieduflamantnoir.com\/wp-content\/uploads\/2021\/05\/3-ruptures-V5-1447x2048.jpg 1447w, http:\/\/compagnieduflamantnoir.com\/wp-content\/uploads\/2021\/05\/3-ruptures-V5-scaled.jpg 1809w\" sizes=\"(max-width: 212px) 100vw, 212px\" \/> <img loading=\"lazy\" decoding=\"async\" class=\"alignnone size-medium wp-image-420\" src=\"http:\/\/compagnieduflamantnoir.com\/wp-content\/uploads\/2022\/06\/AFFICHE_LES-TROIS-SOEUR_SANS-BANDEAU-40PAR60-200x300.jpg\" alt=\"\" width=\"200\" height=\"300\" srcset=\"http:\/\/compagnieduflamantnoir.com\/wp-content\/uploads\/2022\/06\/AFFICHE_LES-TROIS-SOEUR_SANS-BANDEAU-40PAR60-200x300.jpg 200w, http:\/\/compagnieduflamantnoir.com\/wp-content\/uploads\/2022\/06\/AFFICHE_LES-TROIS-SOEUR_SANS-BANDEAU-40PAR60-683x1024.jpg 683w, http:\/\/compagnieduflamantnoir.com\/wp-content\/uploads\/2022\/06\/AFFICHE_LES-TROIS-SOEUR_SANS-BANDEAU-40PAR60-768x1152.jpg 768w, http:\/\/compagnieduflamantnoir.com\/wp-content\/uploads\/2022\/06\/AFFICHE_LES-TROIS-SOEUR_SANS-BANDEAU-40PAR60-1024x1536.jpg 1024w, http:\/\/compagnieduflamantnoir.com\/wp-content\/uploads\/2022\/06\/AFFICHE_LES-TROIS-SOEUR_SANS-BANDEAU-40PAR60-1366x2048.jpg 1366w, http:\/\/compagnieduflamantnoir.com\/wp-content\/uploads\/2022\/06\/AFFICHE_LES-TROIS-SOEUR_SANS-BANDEAU-40PAR60.jpg 1575w\" sizes=\"(max-width: 200px) 100vw, 200px\" \/><\/p>\n<hr \/>\n<p><strong>La Compagnie du Flamant Noir<\/strong> a pour vocation de r\u00e9concilier la jeunesse avec le th\u00e9\u00e2tre, en produisant des spectacles populaires et originaux, qu&rsquo;il s&rsquo;agisse de textes contemporains ou classiques.<\/p>\n<p>Dans une volont\u00e9 affirm\u00e9e d&rsquo;inclusion, nous choisissons de mettre \u00e0 l&rsquo;honneur les femmes, qu&rsquo;elles oeuvrent dans la lumi\u00e8re en tant que com\u00e9diennes, ou dans l&rsquo;ombre comme metteuses en sc\u00e8ne ou productrices.<\/p>\n<p>La Compagnie du Flamant Noir a \u00e9t\u00e9 cr\u00e9\u00e9e sous l\u2019impulsion d\u2019<strong>Alix Andr\u00e9ani<\/strong>, com\u00e9dienne, metteuse en sc\u00e8ne et productrice. En juin 2021, elle monte, avec Bruno Blairet et Julie Duval la cr\u00e9ation collective <strong>Aux Poings<\/strong> au Th\u00e9\u00e2tre de la Temp\u00eate.<\/p>\n<p>Pour le Festival Off d\u2019Avignon 2022, la compagnie a produit 2 spectacles :<\/p>\n<p><strong>Les trois soeurs<\/strong> de Tchekhov, co-mis en sc\u00e8ne par Alix Andr\u00e9ani et Chlo\u00e9 Beaudet.<\/p>\n<p><strong>Trois Ruptures<\/strong> de R\u00e9mi De Vos, mis en sc\u00e8ne par Alix Andr\u00e9ani, pour la deuxi\u00e8me ann\u00e9e cons\u00e9cutive.<\/p>\n<p>.<\/p>\n<hr \/>\n","protected":false},"excerpt":{"rendered":"<p>Spectacles La Compagnie du Flamant Noir a pour vocation de r\u00e9concilier la jeunesse avec le th\u00e9\u00e2tre, en produisant des spectacles populaires et originaux, qu&rsquo;il s&rsquo;agisse de textes contemporains ou classiques. Dans une volont\u00e9 affirm\u00e9e d&rsquo;inclusion, nous choisissons de mettre \u00e0 l&rsquo;honneur les femmes, qu&rsquo;elles oeuvrent dans la lumi\u00e8re en tant que com\u00e9diennes, ou dans l&rsquo;ombre &hellip; <a href=\"http:\/\/compagnieduflamantnoir.com\/\" class=\"more-link\">Lire la suite <span class=\"screen-reader-text\">Accueil<\/span><\/a><\/p>\n","protected":false},"author":1,"featured_media":0,"parent":0,"menu_order":0,"comment_status":"closed","ping_status":"closed","template":"","meta":{"footnotes":""},"_links":{"self":[{"href":"http:\/\/compagnieduflamantnoir.com\/index.php\/wp-json\/wp\/v2\/pages\/96"}],"collection":[{"href":"http:\/\/compagnieduflamantnoir.com\/index.php\/wp-json\/wp\/v2\/pages"}],"about":[{"href":"http:\/\/compagnieduflamantnoir.com\/index.php\/wp-json\/wp\/v2\/types\/page"}],"author":[{"embeddable":true,"href":"http:\/\/compagnieduflamantnoir.com\/index.php\/wp-json\/wp\/v2\/users\/1"}],"replies":[{"embeddable":true,"href":"http:\/\/compagnieduflamantnoir.com\/index.php\/wp-json\/wp\/v2\/comments?post=96"}],"version-history":[{"count":41,"href":"http:\/\/compagnieduflamantnoir.com\/index.php\/wp-json\/wp\/v2\/pages\/96\/revisions"}],"predecessor-version":[{"id":541,"href":"http:\/\/compagnieduflamantnoir.com\/index.php\/wp-json\/wp\/v2\/pages\/96\/revisions\/541"}],"wp:attachment":[{"href":"http:\/\/compagnieduflamantnoir.com\/index.php\/wp-json\/wp\/v2\/media?parent=96"}],"curies":[{"name":"wp","href":"https:\/\/api.w.org\/{rel}","templated":true}]}}