{"id":262,"date":"2019-09-12T11:07:04","date_gmt":"2019-09-12T09:07:04","guid":{"rendered":"http:\/\/compagnieduflamantnoir.com\/?page_id=262"},"modified":"2025-01-23T19:20:32","modified_gmt":"2025-01-23T18:20:32","slug":"actualites","status":"publish","type":"page","link":"https:\/\/compagnieduflamantnoir.com\/index.php\/actualites\/","title":{"rendered":"Actualit\u00e9s"},"content":{"rendered":"<p><!-- Google tag (gtag.js) --><br \/>\n<script src=\"https:\/\/www.googletagmanager.com\/gtag\/js?id=AW-16659724847\" async=\"\"><\/script><br \/>\n<script>\n  window.dataLayer = window.dataLayer || [];\n  function gtag(){dataLayer.push(arguments);}\n  gtag('js', new Date());<\/p>\n<p>  gtag('config', 'AW-16659724847');\n<\/script>Le temps d&rsquo;un weekend, la compagnie organise des stages intensifs de th\u00e9\u00e2tre amateur sur un auteur ou une \u0153uvre, \u00e0 Marseille.<\/p>\n<p><strong>Stage de la Toussaint : Les Femmes Savantes de Moli\u00e8re<\/strong><\/p>\n<p><img loading=\"lazy\" decoding=\"async\" class=\"alignnone size-medium wp-image-537\" src=\"http:\/\/compagnieduflamantnoir.com\/wp-content\/uploads\/2024\/09\/Affiche-stage-dete-moliere-1-212x300.jpg\" alt=\"\" width=\"212\" height=\"300\" srcset=\"https:\/\/compagnieduflamantnoir.com\/wp-content\/uploads\/2024\/09\/Affiche-stage-dete-moliere-1-212x300.jpg 212w, https:\/\/compagnieduflamantnoir.com\/wp-content\/uploads\/2024\/09\/Affiche-stage-dete-moliere-1-724x1024.jpg 724w, https:\/\/compagnieduflamantnoir.com\/wp-content\/uploads\/2024\/09\/Affiche-stage-dete-moliere-1-768x1086.jpg 768w, https:\/\/compagnieduflamantnoir.com\/wp-content\/uploads\/2024\/09\/Affiche-stage-dete-moliere-1-1086x1536.jpg 1086w, https:\/\/compagnieduflamantnoir.com\/wp-content\/uploads\/2024\/09\/Affiche-stage-dete-moliere-1-1448x2048.jpg 1448w, https:\/\/compagnieduflamantnoir.com\/wp-content\/uploads\/2024\/09\/Affiche-stage-dete-moliere-1.jpg 1587w\" sizes=\"(max-width: 212px) 100vw, 212px\" \/><\/p>\n<p>180 &#8211; 200 euros<\/p>\n<p>Vend: 18h-22h\u00a0 Samedi et dimanche : 10h-18h<\/p>\n<p><em><a href=\"https:\/\/www.google.com\/maps\/place\/Th%C3%A9%C3%A2tre+Atelier+des+Arts\/@43.2680199,5.4079826,17z\/data=!3m1!4b1!4m6!3m5!1s0x12c9b8aa9fd8dd3b:0x9273c95ee57be370!8m2!3d43.2680199!4d5.4079826!16s%2Fg%2F1tf83p8j?entry=ttu\">Au Th\u00e9\u00e2tre Atelier des Arts, 133 bd de Sainte Marguerite, 13009 Marseille<\/a><\/em><\/p>\n<p><img loading=\"lazy\" decoding=\"async\" class=\"alignnone size-medium wp-image-518\" src=\"http:\/\/compagnieduflamantnoir.com\/wp-content\/uploads\/2024\/08\/qrcode-1-300x300.png\" alt=\"\" width=\"300\" height=\"300\" srcset=\"https:\/\/compagnieduflamantnoir.com\/wp-content\/uploads\/2024\/08\/qrcode-1-300x300.png 300w, https:\/\/compagnieduflamantnoir.com\/wp-content\/uploads\/2024\/08\/qrcode-1-150x150.png 150w, https:\/\/compagnieduflamantnoir.com\/wp-content\/uploads\/2024\/08\/qrcode-1.png 600w\" sizes=\"(max-width: 300px) 100vw, 300px\" \/><\/p>\n<hr \/>\n<h1><em><strong>Spectacles en tourn\u00e9e<\/strong><\/em><\/h1>\n<ul>\n<li>\n<h3><strong><em><span style=\"text-decoration: underline;\">Trois Ruptures<\/span><\/em> de R\u00e9mi De Vos<\/strong><\/h3>\n<\/li>\n<\/ul>\n<h3><img loading=\"lazy\" decoding=\"async\" class=\"alignnone size-medium wp-image-322\" src=\"http:\/\/compagnieduflamantnoir.com\/wp-content\/uploads\/2021\/05\/3-ruptures-V5-212x300.jpg\" alt=\"\" width=\"212\" height=\"300\" srcset=\"https:\/\/compagnieduflamantnoir.com\/wp-content\/uploads\/2021\/05\/3-ruptures-V5-212x300.jpg 212w, https:\/\/compagnieduflamantnoir.com\/wp-content\/uploads\/2021\/05\/3-ruptures-V5-724x1024.jpg 724w, https:\/\/compagnieduflamantnoir.com\/wp-content\/uploads\/2021\/05\/3-ruptures-V5-768x1087.jpg 768w, https:\/\/compagnieduflamantnoir.com\/wp-content\/uploads\/2021\/05\/3-ruptures-V5-1085x1536.jpg 1085w, https:\/\/compagnieduflamantnoir.com\/wp-content\/uploads\/2021\/05\/3-ruptures-V5-1447x2048.jpg 1447w, https:\/\/compagnieduflamantnoir.com\/wp-content\/uploads\/2021\/05\/3-ruptures-V5-scaled.jpg 1809w\" sizes=\"(max-width: 212px) 100vw, 212px\" \/><\/h3>\n<p>Une com\u00e9die de <strong>R\u00e9mi De Vos<\/strong>, mise en sc\u00e8ne par Alix Andr\u00e9ani.<\/p>\n<p>Trois couples. Trois ruptures. Trois fa\u00e7ons hilarantes, d\u00e9capantes et absurdes d\u2019en finir. Dans cette com\u00e9die de haut vol tous les coups sont permis, m\u00eame les plus bas\u2026 Surtout les plus bas\u00a0! Une femme quitte son mari sur un tango apr\u00e8s lui avoir pr\u00e9par\u00e9 un festin. Un homme avoue \u00e0 sa femme qu&rsquo;il a une aventure avec Steeve, un pompier. Un couple songe \u00e0 se quitter apr\u00e8s avoir renonc\u00e9 \u00e0 se d\u00e9barrasser de leur enfant tyrannique qu\u2019ils d\u00e9testent de tout leur c\u0153ur. Dans ces trois rounds ils vont y laisser des plumes, mais qui terminera K.O.\u00a0?<\/p>\n<p>R\u00e9mi De Vos auteur contemporain incontournable a re\u00e7u de multiples r\u00e9compenses pour ses pi\u00e8ces acerbes et hilarantes\u00a0: Moli\u00e8re du meilleur auteur, Moli\u00e8re du meilleur spectacle de cr\u00e9ation, Moli\u00e8re de la meilleure pi\u00e8ce comique) Auteur associ\u00e9 au Th\u00e9\u00e2tre du Nord, il a \u00e9crit une vingtaine de pi\u00e8ces traduites en quinze langues.<\/p>\n<p><strong>-11 mai 2023- <\/strong><strong>La Sucrerie, Coulommiers <\/strong><a href=\"https:\/\/www.sortirenpaysdebrie.com\/fiche\/6329391\/trois-ruptures-theatre\/\">R\u00e9servations<\/a><\/p>\n<p><a href=\"http:\/\/compagnieduflamantnoir.com\/wp-content\/uploads\/2022\/01\/Trois-ruptures-Compagnie-du-Flamant-Noir.pdf\">Dossier Trois ruptures<\/a><\/p>\n<hr \/>\n<ul>\n<li>\n<h3><i><u>Les Trois Soeurs<\/u><\/i><strong> de Tchekhov<\/strong><\/h3>\n<\/li>\n<\/ul>\n<p><img loading=\"lazy\" decoding=\"async\" class=\"alignnone size-medium wp-image-420\" src=\"http:\/\/compagnieduflamantnoir.com\/wp-content\/uploads\/2022\/06\/AFFICHE_LES-TROIS-SOEUR_SANS-BANDEAU-40PAR60-200x300.jpg\" alt=\"\" width=\"200\" height=\"300\" srcset=\"https:\/\/compagnieduflamantnoir.com\/wp-content\/uploads\/2022\/06\/AFFICHE_LES-TROIS-SOEUR_SANS-BANDEAU-40PAR60-200x300.jpg 200w, https:\/\/compagnieduflamantnoir.com\/wp-content\/uploads\/2022\/06\/AFFICHE_LES-TROIS-SOEUR_SANS-BANDEAU-40PAR60-683x1024.jpg 683w, https:\/\/compagnieduflamantnoir.com\/wp-content\/uploads\/2022\/06\/AFFICHE_LES-TROIS-SOEUR_SANS-BANDEAU-40PAR60-768x1152.jpg 768w, https:\/\/compagnieduflamantnoir.com\/wp-content\/uploads\/2022\/06\/AFFICHE_LES-TROIS-SOEUR_SANS-BANDEAU-40PAR60-1024x1536.jpg 1024w, https:\/\/compagnieduflamantnoir.com\/wp-content\/uploads\/2022\/06\/AFFICHE_LES-TROIS-SOEUR_SANS-BANDEAU-40PAR60-1366x2048.jpg 1366w, https:\/\/compagnieduflamantnoir.com\/wp-content\/uploads\/2022\/06\/AFFICHE_LES-TROIS-SOEUR_SANS-BANDEAU-40PAR60.jpg 1575w\" sizes=\"(max-width: 200px) 100vw, 200px\" \/><\/p>\n<p>Un an apr\u00e8s le d\u00e9c\u00e8s de leur p\u00e8re, Olga, Macha, Irina et leur fr\u00e8re Andre\u00ef vivent reclus dans leur grande maison provinciale en Russie. Ils n&rsquo;ont qu&rsquo;un r\u00eave : retourner \u00e0 Moscou.<\/p>\n<p>Mais le quotidien les happes et leurs r\u00eaveries prennent sans cesse le pas sur ce projet. Souffrant \u00e9norm\u00e9ment de la solitude, les jeunes femmes de la maison accueillent sans cesse des visiteurs, notamment des officiers de l&rsquo;arm\u00e9e, qui bouleversent un temps leur quotidien.<\/p>\n<p>Macha, mari\u00e9e tr\u00e8s jeune \u00e0 un homme qu&rsquo;elle n&rsquo;admire plus, s&rsquo;\u00e9prend d&rsquo;un commandant. Irina se voit demand\u00e9e en mariage par son ami Touzenbach. Et Olga, l&rsquo;a\u00een\u00e9e, r\u00eave de trouver son futur mari et enfin \u00ab\u00a0d&rsquo;accomplir son devoir\u00a0\u00bb&#8230;<\/p>\n<p>Les trois soeurs sont berc\u00e9es par l&rsquo;illusion d&rsquo;un paradis meilleur et par les d\u00e9sillusions du quotidien : 4 ans ont pass\u00e9 entre l&rsquo;acte I et l&rsquo;acte IV, et rien n&rsquo;a chang\u00e9.<\/p>\n<p><a href=\"http:\/\/compagnieduflamantnoir.com\/wp-content\/uploads\/2022\/01\/Dossier-Les-trois-soeurs-0122.pdf\">Dossier Les trois soeurs<\/a><\/p>\n<hr \/>\n","protected":false},"excerpt":{"rendered":"<p>Le temps d&rsquo;un weekend, la compagnie organise des stages intensifs de th\u00e9\u00e2tre amateur sur un auteur ou une \u0153uvre, \u00e0 Marseille. Stage de la Toussaint : Les Femmes Savantes de Moli\u00e8re 180 &#8211; 200 euros Vend: 18h-22h\u00a0 Samedi et dimanche : 10h-18h Au Th\u00e9\u00e2tre Atelier des Arts, 133 bd de Sainte Marguerite, 13009 Marseille Spectacles &hellip; <a href=\"https:\/\/compagnieduflamantnoir.com\/index.php\/actualites\/\" class=\"more-link\">Lire la suite <span class=\"screen-reader-text\">Actualit\u00e9s<\/span><\/a><\/p>\n","protected":false},"author":1,"featured_media":0,"parent":0,"menu_order":0,"comment_status":"closed","ping_status":"closed","template":"","meta":{"footnotes":""},"_links":{"self":[{"href":"https:\/\/compagnieduflamantnoir.com\/index.php\/wp-json\/wp\/v2\/pages\/262"}],"collection":[{"href":"https:\/\/compagnieduflamantnoir.com\/index.php\/wp-json\/wp\/v2\/pages"}],"about":[{"href":"https:\/\/compagnieduflamantnoir.com\/index.php\/wp-json\/wp\/v2\/types\/page"}],"author":[{"embeddable":true,"href":"https:\/\/compagnieduflamantnoir.com\/index.php\/wp-json\/wp\/v2\/users\/1"}],"replies":[{"embeddable":true,"href":"https:\/\/compagnieduflamantnoir.com\/index.php\/wp-json\/wp\/v2\/comments?post=262"}],"version-history":[{"count":28,"href":"https:\/\/compagnieduflamantnoir.com\/index.php\/wp-json\/wp\/v2\/pages\/262\/revisions"}],"predecessor-version":[{"id":542,"href":"https:\/\/compagnieduflamantnoir.com\/index.php\/wp-json\/wp\/v2\/pages\/262\/revisions\/542"}],"wp:attachment":[{"href":"https:\/\/compagnieduflamantnoir.com\/index.php\/wp-json\/wp\/v2\/media?parent=262"}],"curies":[{"name":"wp","href":"https:\/\/api.w.org\/{rel}","templated":true}]}}