{"id":498,"date":"2024-08-01T09:14:47","date_gmt":"2024-08-01T07:14:47","guid":{"rendered":"https:\/\/compagnieduflamantnoir.com\/?page_id=498"},"modified":"2025-01-23T19:17:33","modified_gmt":"2025-01-23T18:17:33","slug":"cours-de-theatre","status":"publish","type":"page","link":"https:\/\/compagnieduflamantnoir.com\/index.php\/cours-de-theatre\/","title":{"rendered":"Cours de Th\u00e9\u00e2tre \u00e0 Marseille"},"content":{"rendered":"<p><!-- Google tag (gtag.js) --><br \/>\n<script async src=\"https:\/\/www.googletagmanager.com\/gtag\/js?id=AW-16659724847\"><\/script><br \/>\n<script>\n  window.dataLayer = window.dataLayer || [];\n  function gtag(){dataLayer.push(arguments);}\n  gtag('js', new Date());<\/p>\n<p>  gtag('config', 'AW-16659724847');\n<\/script>Le temps d&rsquo;un weekend, la compagnie organise des stages intensifs de th\u00e9\u00e2tre amateur sur un auteur ou une \u0153uvre, \u00e0 Marseille.<\/p>\n<p><strong>Stage de la Toussaint : Les Femmes Savantes de Moli\u00e8re<\/strong><\/p>\n<p><img loading=\"lazy\" decoding=\"async\" class=\"alignnone size-medium wp-image-537\" src=\"http:\/\/compagnieduflamantnoir.com\/wp-content\/uploads\/2024\/09\/Affiche-stage-dete-moliere-1-212x300.jpg\" alt=\"\" width=\"212\" height=\"300\" srcset=\"https:\/\/compagnieduflamantnoir.com\/wp-content\/uploads\/2024\/09\/Affiche-stage-dete-moliere-1-212x300.jpg 212w, https:\/\/compagnieduflamantnoir.com\/wp-content\/uploads\/2024\/09\/Affiche-stage-dete-moliere-1-724x1024.jpg 724w, https:\/\/compagnieduflamantnoir.com\/wp-content\/uploads\/2024\/09\/Affiche-stage-dete-moliere-1-768x1086.jpg 768w, https:\/\/compagnieduflamantnoir.com\/wp-content\/uploads\/2024\/09\/Affiche-stage-dete-moliere-1-1086x1536.jpg 1086w, https:\/\/compagnieduflamantnoir.com\/wp-content\/uploads\/2024\/09\/Affiche-stage-dete-moliere-1-1448x2048.jpg 1448w, https:\/\/compagnieduflamantnoir.com\/wp-content\/uploads\/2024\/09\/Affiche-stage-dete-moliere-1.jpg 1587w\" sizes=\"(max-width: 212px) 100vw, 212px\" \/><\/p>\n<p>180 &#8211; 200 euros<\/p>\n<p>Vend: 18h-22h\u00a0 Samedi et dimanche : 10h-18h<\/p>\n<p><em><a href=\"https:\/\/www.google.com\/maps\/place\/Th%C3%A9%C3%A2tre+Atelier+des+Arts\/@43.2680199,5.4079826,17z\/data=!3m1!4b1!4m6!3m5!1s0x12c9b8aa9fd8dd3b:0x9273c95ee57be370!8m2!3d43.2680199!4d5.4079826!16s%2Fg%2F1tf83p8j?entry=ttu\">Au Th\u00e9\u00e2tre Atelier des Arts, 133 bd de Sainte Marguerite, 13009 Marseille<\/a><\/em><\/p>\n<p><em>Informations et <a href=\"https:\/\/www.helloasso.com\/associations\/compagnie-du-flamant-noir\/evenements\/master-class-femmes-savantes\">Inscriptions ici<\/a><\/em><\/p>\n<p><img loading=\"lazy\" decoding=\"async\" class=\"alignnone size-medium wp-image-518\" src=\"http:\/\/compagnieduflamantnoir.com\/wp-content\/uploads\/2024\/08\/qrcode-1-300x300.png\" alt=\"\" width=\"300\" height=\"300\" srcset=\"https:\/\/compagnieduflamantnoir.com\/wp-content\/uploads\/2024\/08\/qrcode-1-300x300.png 300w, https:\/\/compagnieduflamantnoir.com\/wp-content\/uploads\/2024\/08\/qrcode-1-150x150.png 150w, https:\/\/compagnieduflamantnoir.com\/wp-content\/uploads\/2024\/08\/qrcode-1.png 600w\" sizes=\"(max-width: 300px) 100vw, 300px\" \/><\/p>\n<p>L&rsquo;intervenante : <em>\u00a0\u00bb Forte de mon exp\u00e9rience de professeure d&rsquo;art dramatique aux Cours Forent depuis 2017, j&rsquo;aurais \u00e0 coeur de vous transmettre ma passion et mes outils pour aborder notre stage dans la bienveillance et le d\u00e9passement de soi. \u00ab\u00a0<\/em><\/p>\n<p>Alix Andr\u00e9ani<\/p>\n<p>&nbsp;<\/p>\n<p>&nbsp;<\/p>\n","protected":false},"excerpt":{"rendered":"<p>Le temps d&rsquo;un weekend, la compagnie organise des stages intensifs de th\u00e9\u00e2tre amateur sur un auteur ou une \u0153uvre, \u00e0 Marseille. Stage de la Toussaint : Les Femmes Savantes de Moli\u00e8re 180 &#8211; 200 euros Vend: 18h-22h\u00a0 Samedi et dimanche : 10h-18h Au Th\u00e9\u00e2tre Atelier des Arts, 133 bd de Sainte Marguerite, 13009 Marseille Informations &hellip; <a href=\"https:\/\/compagnieduflamantnoir.com\/index.php\/cours-de-theatre\/\" class=\"more-link\">Lire la suite <span class=\"screen-reader-text\">Cours de Th\u00e9\u00e2tre \u00e0 Marseille<\/span><\/a><\/p>\n","protected":false},"author":1,"featured_media":0,"parent":0,"menu_order":0,"comment_status":"closed","ping_status":"closed","template":"","meta":{"footnotes":""},"_links":{"self":[{"href":"https:\/\/compagnieduflamantnoir.com\/index.php\/wp-json\/wp\/v2\/pages\/498"}],"collection":[{"href":"https:\/\/compagnieduflamantnoir.com\/index.php\/wp-json\/wp\/v2\/pages"}],"about":[{"href":"https:\/\/compagnieduflamantnoir.com\/index.php\/wp-json\/wp\/v2\/types\/page"}],"author":[{"embeddable":true,"href":"https:\/\/compagnieduflamantnoir.com\/index.php\/wp-json\/wp\/v2\/users\/1"}],"replies":[{"embeddable":true,"href":"https:\/\/compagnieduflamantnoir.com\/index.php\/wp-json\/wp\/v2\/comments?post=498"}],"version-history":[{"count":12,"href":"https:\/\/compagnieduflamantnoir.com\/index.php\/wp-json\/wp\/v2\/pages\/498\/revisions"}],"predecessor-version":[{"id":540,"href":"https:\/\/compagnieduflamantnoir.com\/index.php\/wp-json\/wp\/v2\/pages\/498\/revisions\/540"}],"wp:attachment":[{"href":"https:\/\/compagnieduflamantnoir.com\/index.php\/wp-json\/wp\/v2\/media?parent=498"}],"curies":[{"name":"wp","href":"https:\/\/api.w.org\/{rel}","templated":true}]}}