{"id":66,"date":"2018-10-11T16:23:19","date_gmt":"2018-10-11T14:23:19","guid":{"rendered":"http:\/\/compagnieduflamantnoir.com\/?page_id=66"},"modified":"2024-08-01T11:00:17","modified_gmt":"2024-08-01T09:00:17","slug":"la-metteur-en-scene","status":"publish","type":"page","link":"https:\/\/compagnieduflamantnoir.com\/index.php\/la-metteur-en-scene\/","title":{"rendered":"Les Metteuses en Sc\u00e8ne"},"content":{"rendered":"<p><!-- Google tag (gtag.js) --><br \/>\n<script async src=\"https:\/\/www.googletagmanager.com\/gtag\/js?id=AW-16659724847\"><\/script><br \/>\n<script>\n  window.dataLayer = window.dataLayer || [];\n  function gtag(){dataLayer.push(arguments);}\n  gtag('js', new Date());<\/p>\n<p>  gtag('config', 'AW-16659724847');\n<\/script><img loading=\"lazy\" decoding=\"async\" class=\"alignnone wp-image-299 \" src=\"http:\/\/compagnieduflamantnoir.com\/wp-content\/uploads\/2020\/06\/Alix-0638646708-18-200x300.jpg\" alt=\"\" width=\"206\" height=\"309\" srcset=\"https:\/\/compagnieduflamantnoir.com\/wp-content\/uploads\/2020\/06\/Alix-0638646708-18-200x300.jpg 200w, https:\/\/compagnieduflamantnoir.com\/wp-content\/uploads\/2020\/06\/Alix-0638646708-18.jpg 640w\" sizes=\"(max-width: 206px) 100vw, 206px\" \/><\/p>\n<p style=\"text-align: left;\"><b>Alix Andr\u00e9ani, <\/b>ancienne gymnaste de haut niveau,\u00a0s\u2019inscrit au <b>Cours Florent <\/b>en 2011. En formation, elle se d\u00e9couvre une nouvelle passion : la mise en sc\u00e8ne. Elle est re\u00e7ue en <strong>Classe Libre<\/strong> et travaille sous la direction de <b>Jean-Pierre Garnier, Bruno Blairet etc<\/b>.<\/p>\n<p class=\"p2\" style=\"text-align: left;\">Apr\u00e8s sa <span class=\"s1\">formation, Jean-Pierre Garnier lui propose le poste d\u2019assistante sur son nouveau<\/span> spectacle\u00a0<i>\u00ab\u00a0Enfants du Si\u00e8cle\u00a0\u00bb<\/i>. La m\u00eame ann\u00e9e, elle assiste <b>S\u00e9bastien Pouderoux de la Com\u00e9die Fran\u00e7aise<\/b> sur sa nouvelle cr\u00e9ation: <i>\u00ab\u00a0Vous prenez mon pouls ? Je ne suis pas malade\u00a0\u00bb.<\/i><\/p>\n<p class=\"p2\" style=\"text-align: left;\">En 2014 elle monte <i>\u00ab\u00a0Alexandre le Grand\u00a0\u00bb <\/i>de<strong> Racine<\/strong>. <b>Le projet sera prim\u00e9 au Festival des Automnales. <\/b><\/p>\n<p class=\"p2\" style=\"text-align: left;\"><span class=\"s2\">Elle s\u2019occupe de la <b>direction d\u2019acteurs<\/b> sur plusieurs<\/span> <span class=\"s2\">mises en sc\u00e8nes collectives.<\/span><\/p>\n<p>En parall\u00e8le de sa passion pour le th\u00e9\u00e2tre, elle pratique la boxe Tha\u00eflandaise \u00e0 haut niveau. Elle fait ses armes \u00e0 la <strong>Team Alamos<\/strong>, et participe r\u00e9guli\u00e8rement \u00e0 des combats.<\/p>\n<p style=\"text-align: left;\">En 2019, elle cr\u00e9er avec Bruno Blairet et Julie Duval <strong>Aux Poings<\/strong>. Le spectacle m\u00eale \u00e0 la fois th\u00e9\u00e2tre, po\u00e9sie et boxe Tha\u00eflandaise. Aux Poings sera programm\u00e9 au <strong>Th\u00e9\u00e2tre de la Temp\u00eate<\/strong> et au <strong>Th\u00e9\u00e2tre du Forum<\/strong> pour la saison 2020-2021.<\/p>\n<p>En 2021, elle monte et joue dans <strong>Trois Ruptures<\/strong> de R\u00e9mi De Vos, qu&rsquo;elle cr\u00e9er pour le Festival Off d&rsquo;Avignon.<\/p>\n<p>En 2022, aux c\u00f4t\u00e9s de Chlo\u00e9 Beaudet, elle co met en sc\u00e8ne Les trois soeurs de Tchekhov, pour le Festival Off d&rsquo;Avignon 2022.<\/p>\n<hr \/>\n<p><img loading=\"lazy\" decoding=\"async\" class=\"alignnone size-medium wp-image-326\" src=\"http:\/\/compagnieduflamantnoir.com\/wp-content\/uploads\/2021\/05\/chloe\u0301-beaudet-photo-300x300.jpeg\" alt=\"\" width=\"300\" height=\"300\" srcset=\"https:\/\/compagnieduflamantnoir.com\/wp-content\/uploads\/2021\/05\/chloe\u0301-beaudet-photo-300x300.jpeg 300w, https:\/\/compagnieduflamantnoir.com\/wp-content\/uploads\/2021\/05\/chloe\u0301-beaudet-photo-1024x1024.jpeg 1024w, https:\/\/compagnieduflamantnoir.com\/wp-content\/uploads\/2021\/05\/chloe\u0301-beaudet-photo-150x150.jpeg 150w, https:\/\/compagnieduflamantnoir.com\/wp-content\/uploads\/2021\/05\/chloe\u0301-beaudet-photo-768x768.jpeg 768w, https:\/\/compagnieduflamantnoir.com\/wp-content\/uploads\/2021\/05\/chloe\u0301-beaudet-photo.jpeg 1365w\" sizes=\"(max-width: 300px) 100vw, 300px\" \/><\/p>\n<p><strong>Chlo\u00e9 Beaudet <\/strong><span style=\"font-family: -apple-system, BlinkMacSystemFont, 'Segoe UI', Roboto, Oxygen-Sans, Ubuntu, Cantarell, 'Helvetica Neue', sans-serif;\">\u00e9tudie le Droit et l&rsquo;\u00c9conomie \u00e0 la Sorbonne. <\/span><\/p>\n<p><span style=\"font-family: -apple-system, BlinkMacSystemFont, 'Segoe UI', Roboto, Oxygen-Sans, Ubuntu, Cantarell, 'Helvetica Neue', sans-serif;\">Apr\u00e8s une carri\u00e8re d&rsquo;<strong>assistante parlementaire au Parlement europ\u00e9en<\/strong> puis de responsable marketing, elle reprend ses \u00e9tudes et s&rsquo;inscrit aux <strong>Cours Florent<\/strong>. <\/span><span style=\"font-family: -apple-system, BlinkMacSystemFont, 'Segoe UI', Roboto, Oxygen-Sans, Ubuntu, Cantarell, 'Helvetica Neue', sans-serif;\">Pendant son cursus elle travaille avec Bruno Blairet, F\u00e9licien Juttner, Adrien Popineau etc. Elle se d\u00e9couvre une nouvelle passion, la mise en sc\u00e8ne. <\/span><\/p>\n<p><span style=\"font-family: -apple-system, BlinkMacSystemFont, 'Segoe UI', Roboto, Oxygen-Sans, Ubuntu, Cantarell, 'Helvetica Neue', sans-serif;\">Forte de son exp\u00e9rience dans le monde de l&rsquo;entreprise, elle d\u00e9veloppe\u00a0<\/span><i style=\"font-family: -apple-system, BlinkMacSystemFont, 'Segoe UI', Roboto, Oxygen-Sans, Ubuntu, Cantarell, 'Helvetica Neue', sans-serif;\"><strong>En Sc\u00e8ne !<\/strong>\u00a0<\/i><span style=\"font-family: -apple-system, BlinkMacSystemFont, 'Segoe UI', Roboto, Oxygen-Sans, Ubuntu, Cantarell, 'Helvetica Neue', sans-serif;\">, une offre d&rsquo;interventions th\u00e9\u00e2trales en entreprise et en structures scolaires. <\/span><span style=\"font-family: -apple-system, BlinkMacSystemFont, 'Segoe UI', Roboto, Oxygen-Sans, Ubuntu, Cantarell, 'Helvetica Neue', sans-serif;\">Elle s&rsquo;int\u00e9resse \u00e0 l&rsquo;improvisation et devient membre de la troupe les <strong>Manches du Baluchon<\/strong>, avec laquelle elle intervient notamment aupr\u00e8s de structures mutualistes niortaises comme la MAAF. <\/span><\/p>\n<p><span style=\"font-family: -apple-system, BlinkMacSystemFont, 'Segoe UI', Roboto, Oxygen-Sans, Ubuntu, Cantarell, 'Helvetica Neue', sans-serif;\">En 2018 elle joue dans <strong>Ribambelle<\/strong>, une pi\u00e8ce en masque larvaire mise en sc\u00e8ne par Timoth\u00e9e Lebat. <\/span><\/p>\n<p><span style=\"font-family: -apple-system, BlinkMacSystemFont, 'Segoe UI', Roboto, Oxygen-Sans, Ubuntu, Cantarell, 'Helvetica Neue', sans-serif;\">En 2019, soutenue par la <strong>Sc\u00e8ne du Triangle<\/strong> \u00e0 Rennes, elle co-cr\u00e9e avec le chor\u00e9graphe Ivan Stanimirovic <strong>Une rencontre<\/strong>, un spectacle m\u00ealant danse et th\u00e9\u00e2tre.<\/span><\/p>\n<p><span style=\"font-family: -apple-system, BlinkMacSystemFont, 'Segoe UI', Roboto, Oxygen-Sans, Ubuntu, Cantarell, 'Helvetica Neue', sans-serif;\">En 2021, elle int\u00e8gre la <strong>Compagnie du Flamant Noir<\/strong> en tant que metteuse en sc\u00e8ne, productrice et com\u00e9dienne. Pour le <strong>F<\/strong><strong>estival Off d&rsquo;Avignon<\/strong>, elle met en sc\u00e8ne une \u00e9criture originale du jeune auteur Simon Vandemaelen, <strong>Peut-\u00eatre que je m&rsquo;endors \u00e0 tes c\u00f4t\u00e9s<\/strong>.<\/span><\/p>\n<p>En 2022, aux c\u00f4t\u00e9s d&rsquo;Alix Andr\u00e9ani, elle co met en sc\u00e8ne Les trois soeurs de Tchekhov, pour le Festival Off d&rsquo;Avignon 2022.<\/p>\n<hr \/>\n","protected":false},"excerpt":{"rendered":"<p>Alix Andr\u00e9ani, ancienne gymnaste de haut niveau,\u00a0s\u2019inscrit au Cours Florent en 2011. En formation, elle se d\u00e9couvre une nouvelle passion : la mise en sc\u00e8ne. Elle est re\u00e7ue en Classe Libre et travaille sous la direction de Jean-Pierre Garnier, Bruno Blairet etc. Apr\u00e8s sa formation, Jean-Pierre Garnier lui propose le poste d\u2019assistante sur son nouveau &hellip; <a href=\"https:\/\/compagnieduflamantnoir.com\/index.php\/la-metteur-en-scene\/\" class=\"more-link\">Lire la suite <span class=\"screen-reader-text\">Les Metteuses en Sc\u00e8ne<\/span><\/a><\/p>\n","protected":false},"author":1,"featured_media":0,"parent":0,"menu_order":0,"comment_status":"closed","ping_status":"closed","template":"","meta":{"footnotes":""},"_links":{"self":[{"href":"https:\/\/compagnieduflamantnoir.com\/index.php\/wp-json\/wp\/v2\/pages\/66"}],"collection":[{"href":"https:\/\/compagnieduflamantnoir.com\/index.php\/wp-json\/wp\/v2\/pages"}],"about":[{"href":"https:\/\/compagnieduflamantnoir.com\/index.php\/wp-json\/wp\/v2\/types\/page"}],"author":[{"embeddable":true,"href":"https:\/\/compagnieduflamantnoir.com\/index.php\/wp-json\/wp\/v2\/users\/1"}],"replies":[{"embeddable":true,"href":"https:\/\/compagnieduflamantnoir.com\/index.php\/wp-json\/wp\/v2\/comments?post=66"}],"version-history":[{"count":35,"href":"https:\/\/compagnieduflamantnoir.com\/index.php\/wp-json\/wp\/v2\/pages\/66\/revisions"}],"predecessor-version":[{"id":526,"href":"https:\/\/compagnieduflamantnoir.com\/index.php\/wp-json\/wp\/v2\/pages\/66\/revisions\/526"}],"wp:attachment":[{"href":"https:\/\/compagnieduflamantnoir.com\/index.php\/wp-json\/wp\/v2\/media?parent=66"}],"curies":[{"name":"wp","href":"https:\/\/api.w.org\/{rel}","templated":true}]}}